{"id":473,"date":"2022-04-04T16:22:24","date_gmt":"2022-04-04T16:22:24","guid":{"rendered":"http:\/\/192.168.1.64\/wordpress\/index.php\/acceder-3\/"},"modified":"2022-04-04T16:22:24","modified_gmt":"2022-04-04T16:22:24","slug":"acceder-3","status":"publish","type":"page","link":"http:\/\/ofertas.cu\/?page_id=473","title":{"rendered":"Acceder"},"content":{"rendered":"<div class=\"directorist-w-100\">\n    <div class=\"directorist-container-fluid\">\n        <div class=\"directorist-row\">\n            <div class=\"directorist-col-md-6 directorist-offset-md-3 directorist-login-wrapper directorist-authentication active\">\n\t\t\t\t<div class=\"atbdp_login_form_shortcode directorist-authentication__form\">\n\n\t\t\t\t\t\n\t\t\t\t\t\n\t\t\t\t\t\n\t\t\t\t\t\t\t\t\t\t\t<form action=\"#\" id=\"directorist__authentication__login\" method=\"POST\" class=\"directorist__authentication__signin\">\n\t\t\t\t\t\t\t<p class=\"status\"><\/p>\n\t\t\t\t\t\t\t<div class=\"directorist-form-group directorist-mb-15\">\n\t\t\t\t\t\t\t\t<label for=\"directorist__authentication__signin__username\">Nombre de usuario o correo electr\u00f3nico<\/label>\n\t\t\t\t\t\t\t\t<input type=\"text\" class=\"directorist-form-element\" id=\"username\" name=\"username\" \/>\n\t\t\t\t\t\t\t<\/div>\n\n\t\t\t\t\t\t\t<div class=\"directorist-form-group\">\n\t\t\t\t\t\t\t\t<label for=\"directorist__authentication__signin__password\">Contrase\u00f1a<\/label>\n\t\t\t\t\t\t\t\t<input type=\"password\" id=\"password\" autocomplete=\"off\" name=\"password\" class=\"directorist-form-element\" \/>\n\t\t\t\t\t\t\t<\/div>\n\n\t\t\t\t\t\t\t<div class=\"directorist-authentication__form__actions\">\n\t\t\t\t\t\t\t\t<div class=\"keep_signed directorist-checkbox\">\n\t\t\t\t\t\t\t\t\t<input type=\"checkbox\" id=\"directorist_login_keep_signed_in\" value=\"1\" name=\"keep_signed_in\" checked \/>\n\t\t\t\t\t\t\t\t\t<label for=\"directorist_login_keep_signed_in\" class=\"directorist-checkbox__label not_empty\">\n\t\t\t\t\t\t\t\t\t\tRecu\u00e9rdame\t\t\t\t\t\t\t\t\t<\/label>\n\t\t\t\t\t\t\t\t<\/div>\n\n\t\t\t\t\t\t\t\t<a href='' class='atbdp_recovery_pass'> Recuperar la contrase\u00f1a<\/a>\t\t\t\t\t\t\t<\/div>\n\n\t\t\t\t\t\t\t<div class=\"directorist-form-group atbd_login_btn_wrapper directorist-mb-15 directorist-authentication__form__btn-wrapper\">\n\t\t\t\t\t\t\t\t<button class=\"directorist-btn directorist-btn-block directorist-authentication__form__btn\" type=\"submit\" value=\" Acceder\" name=\"submit\" aria-label=\"Signin Button\"> Acceder<\/button>\n\t\t\t\t\t\t\t\t<input type=\"hidden\" id=\"security\" name=\"security\" value=\"b352884010\" \/><input type=\"hidden\" name=\"_wp_http_referer\" value=\"\/index.php?rest_route=%2Fwp%2Fv2%2Fpages%2F473\" \/>\t\t\t\t\t\t\t<\/div>\n\t\t\t\t\t\t<\/form>\n\n\t\t\t\t\t\t<div class=\"atbd_social_login\">\n\t\t\t\t\t\t\t\t\t\t\t\t\t<\/div>\n\n\t\t\t\t\t\t\t\t\t\t\t\t\t<div class=\"directorist-authentication__form__toggle-area\">\n\t\t\t\t\t\t\t\t\u00bfNo tienes una cuenta?\t\t\t\t\t\t\t\t<button class=\"directorist-authentication__btn directorist-authentication__btn--signup\" aria-label=\"Signup Button\">Reg\u00edstrate<\/button>\n\t\t\t\t\t\t\t<\/div>\n\t\t\t\t\t\t\n\t\t\t\t\t\t\n\t\t\t\t\t\t<div id=\"recover-pass-modal\" class=\"directorist-mt-15 directorist-authentication__form__recover-pass-modal\">\n\t\t\t\t\t\t\t<form method=\"post\">\n\t\t\t\t\t\t\t\t<fieldset class=\"directorist-form-group\">\n\t\t\t\t\t\t\t\t\t<p>\u00bfPerdiste tu contrase\u00f1a? Por favor, introduce tu direcci\u00f3n de correo electr\u00f3nico. Recibir\u00e1s un enlace para crear una nueva contrase\u00f1a por correo electr\u00f3nico.<\/p>\n\t\t\t\t\t\t\t\t\t<label for=\"reset_user_login\">Correo electr\u00f3nico<\/label>\n\t\t\t\t\t\t\t\t\t<input type=\"text\" class=\"directorist-mb-15 directorist-form-element\" name=\"user_login\" id=\"reset_user_login\" value=\"\" placeholder=\"p.ej. mail@example.com\" required=\"required\" \/>\n\t\t\t\t\t\t\t\t\t<div class=\"directorist-authentication__form__btn-wrapper\">\n\t\t\t\t\t\t\t\t\t\t<input type=\"hidden\" name=\"action\" value=\"reset\" \/>\n\t\t\t\t\t\t\t\t\t\t<button type=\"submit\" class=\"directorist-btn directorist-authentication__form__btn\" id=\"directorist__authentication__submit\" aria-label=\"Recover Password Button\">Obtener una contrase\u00f1a nueva<\/button>\n\t\t\t\t\t\t\t\t\t\t<input type=\"hidden\" value=\"3653bb226e\" name=\"directorist_nonce\">\n\t\t\t\t\t\t\t\t\t<\/div>\n\t\t\t\t\t\t\t\t<\/fieldset>\n\t\t\t\t\t\t\t<\/form>\n\t\t\t\t\t\t<\/div>\n\t\t\t\t\t\t\t\t\t<\/div><!-- \/.atbdp_login_form_shortcode -->\n\t\t\t<\/div>\n\n\t\t\t\t\t\t<div class=\"directorist-col-md-6 directorist-offset-md-3 directorist-registration-wrapper directorist-authentication \">\n\t\t\t\t<div class=\"directory_register_form_wrap directorist-authentication__form\">\n\t\t\t\t\t<div class=\"add_listing_title atbd_success_mesage directorist-authentication__message\">\n\t\t\t\t\t\t\t\t\t\t\t\t<!--Registration failed, so show notification.-->\n\t\t\t\t\t\t<p style=\"padding: 20px; display:none;\" class=\"alert-danger directorist-register-error\"><i class=\"directorist-icon-mask\" aria-hidden=\"true\" style=\"--directorist-icon: url(http:\/\/ofertas.cu\/wp-content\/plugins\/directorist\/assets\/icons\/line-awesome\/svgs\/exclamation-triangle-solid.svg)\"><\/i><\/p>\n\t\t\t\t\t<\/div>\n\t\t\t\t\t<form action=\"#\" method=\"post\" class=\"directorist__authentication__signup\">\n\t\t\t\t\t\t<div class=\"directorist-form-group directorist-mb-35\">\n\t\t\t\t\t\t\t<label for=\"directorist__authentication__signup__username\">Nombre de usuario <strong class=\"directorist-form-required\">*<\/strong><\/label>\n\t\t\t\t\t\t\t<input id=\"directorist__authentication__signup__username\" class=\"directorist-form-element\" type=\"text\" name=\"username\" value=\"\" required>\n\t\t\t\t\t\t<\/div>\n\t\t\t\t\t\t<div class=\"directorist-form-group directorist-mb-35\">\n\t\t\t\t\t\t\t<label for=\"directorist__authentication__signup__email\">Correo eletr\u00f3nico <strong class=\"directorist-form-required\">*<\/strong><\/label>\n\t\t\t\t\t\t\t<input id=\"directorist__authentication__signup__email\" class=\"directorist-form-element\" type=\"text\" name=\"email\" value=\"\" required>\n\t\t\t\t\t\t<\/div>\n\t\t\t\t\t\t\t\t\t\t\t\t\t<div class=\"directorist-form-group directorist-mb-35\">\n\t\t\t\t\t\t\t\t<label for=\"directorist__authentication__signup__password\">Contrase\u00f1a<strong class=\"directorist-form-required\">*<\/strong><\/label>\n\t\t\t\t\t\t\t\t<input id=\"directorist__authentication__signup__password\" class=\"directorist-form-element\" type=\"password\" name=\"password\" value=\"\" required>\n\t\t\t\t\t\t\t<\/div>\n\t\t\t\t\t\t\t\t\t\t\t\t\t\t\t\t\t\t\t\t\t\t\t\t\t\t\t\t\t\t\n\t\t\t\t\t\t\n\t\t\t\t\t\t\t\t\t\t\t\t\n\t\t\t\t\t\t\t\t\t\t\t\t<div class=\"directory_regi_btn directorist-mb-15\">\n\t\t\t\t\t\t\t\t\t\t\t\t\t\t<input type=\"hidden\" value=\"3653bb226e\" name=\"directorist_nonce\">\n\n\t\t\t\t\t\t\t<a class=\"directorist-btn directorist-authentication__form__btn\" href=\"#\">Reg\u00edstrate<\/a>\n\t\t\t\t\t\t<\/div>\n\t\t\t\t\t\t<div class=\"directory_regi_btn directorist-authentication__form__toggle-area\">\n\t\t\t\t\t\t\t<p>\u00bfYa tienes una cuenta? Accede. <button class=\"directorist-authentication__btn directorist-authentication__btn--signin\">Aqu\u00ed<\/button><\/p>\n\t\t\t\t\t\t<\/div>\n\t\t\t\t\t<\/form>\n\t\t\t\t<\/div>\n\t\t\t<\/div>\n\t\t\t\t\t<\/div>\n\t<\/div>\n<\/div>\n\n","protected":false},"excerpt":{"rendered":"","protected":false},"author":1,"featured_media":0,"parent":0,"menu_order":0,"comment_status":"closed","ping_status":"closed","template":"page-fullwidth.php","meta":{"footnotes":""},"class_list":["post-473","page","type-page","status-publish","hentry"],"_links":{"self":[{"href":"http:\/\/ofertas.cu\/index.php?rest_route=\/wp\/v2\/pages\/473","targetHints":{"allow":["GET"]}}],"collection":[{"href":"http:\/\/ofertas.cu\/index.php?rest_route=\/wp\/v2\/pages"}],"about":[{"href":"http:\/\/ofertas.cu\/index.php?rest_route=\/wp\/v2\/types\/page"}],"author":[{"embeddable":true,"href":"http:\/\/ofertas.cu\/index.php?rest_route=\/wp\/v2\/users\/1"}],"replies":[{"embeddable":true,"href":"http:\/\/ofertas.cu\/index.php?rest_route=%2Fwp%2Fv2%2Fcomments&post=473"}],"version-history":[{"count":0,"href":"http:\/\/ofertas.cu\/index.php?rest_route=\/wp\/v2\/pages\/473\/revisions"}],"wp:attachment":[{"href":"http:\/\/ofertas.cu\/index.php?rest_route=%2Fwp%2Fv2%2Fmedia&parent=473"}],"curies":[{"name":"wp","href":"https:\/\/api.w.org\/{rel}","templated":true}]}}